{"id":2309,"date":"2020-12-17T12:47:02","date_gmt":"2020-12-17T12:47:02","guid":{"rendered":"https:\/\/safijen-baraka.ch\/themenkollektionen\/kollektion-baraka-by-pininfarina\/"},"modified":"2021-09-16T15:26:23","modified_gmt":"2021-09-16T15:26:23","slug":"collection-baraka-by-pininfarina","status":"publish","type":"page","link":"https:\/\/safijen-baraka.ch\/fr\/collections-thematiques\/collection-baraka-by-pininfarina\/","title":{"rendered":"Collection Barak\u00e0 by Pininfarina"},"content":{"rendered":"\t\t<div data-elementor-type=\"wp-page\" data-elementor-id=\"2309\" class=\"elementor elementor-2309 elementor-657\">\n\t\t\t\t\t\t<section class=\"elementor-section elementor-top-section elementor-element elementor-element-dd56663 elementor-section-boxed elementor-section-height-default elementor-section-height-default\" data-id=\"dd56663\" data-element_type=\"section\">\n\t\t\t\t\t\t<div class=\"elementor-container elementor-column-gap-default\">\n\t\t\t\t\t<div class=\"elementor-column elementor-col-100 elementor-top-column elementor-element elementor-element-a7bd155\" data-id=\"a7bd155\" data-element_type=\"column\">\n\t\t\t<div class=\"elementor-widget-wrap elementor-element-populated\">\n\t\t\t\t\t\t<div class=\"elementor-element elementor-element-0b32832 elementor-widget elementor-widget-heading\" data-id=\"0b32832\" data-element_type=\"widget\" data-widget_type=\"heading.default\">\n\t\t\t\t<div class=\"elementor-widget-container\">\n\t\t\t\t\t<h2 class=\"elementor-heading-title elementor-size-default\">BARAK\u00c0 BIJOUX POUR HOMME DE LUXE <\/h2>\t\t\t\t<\/div>\n\t\t\t\t<\/div>\n\t\t\t\t<div class=\"elementor-element elementor-element-fa66b3c elementor-invisible elementor-widget elementor-widget-heading\" data-id=\"fa66b3c\" data-element_type=\"widget\" data-settings=\"{&quot;_animation&quot;:&quot;fadeInUp&quot;}\" data-widget_type=\"heading.default\">\n\t\t\t\t<div class=\"elementor-widget-container\">\n\t\t\t\t\t<h2 class=\"elementor-heading-title elementor-size-default\">Barak\u00e0 by Pininfarina<\/h2>\t\t\t\t<\/div>\n\t\t\t\t<\/div>\n\t\t\t\t\t<\/div>\n\t\t<\/div>\n\t\t\t\t\t<\/div>\n\t\t<\/section>\n\t\t\t\t<section class=\"elementor-section elementor-top-section elementor-element elementor-element-eda6c22 elementor-section-boxed elementor-section-height-default elementor-section-height-default\" data-id=\"eda6c22\" data-element_type=\"section\">\n\t\t\t\t\t\t<div class=\"elementor-container elementor-column-gap-default\">\n\t\t\t\t\t<div class=\"elementor-column elementor-col-100 elementor-top-column elementor-element elementor-element-cb59756\" data-id=\"cb59756\" data-element_type=\"column\">\n\t\t\t<div class=\"elementor-widget-wrap elementor-element-populated\">\n\t\t\t\t\t\t<div class=\"elementor-element elementor-element-2e1a3dc elementor-widget elementor-widget-heading\" data-id=\"2e1a3dc\" data-element_type=\"widget\" data-widget_type=\"heading.default\">\n\t\t\t\t<div class=\"elementor-widget-container\">\n\t\t\t\t\t<h1 class=\"elementor-heading-title elementor-size-default\">Deux grandes marques \"Made in Italy\" dans une seule collection<\/h1>\t\t\t\t<\/div>\n\t\t\t\t<\/div>\n\t\t\t\t\t<\/div>\n\t\t<\/div>\n\t\t\t\t\t<\/div>\n\t\t<\/section>\n\t\t\t\t<section class=\"elementor-section elementor-top-section elementor-element elementor-element-8a67d3c elementor-section-boxed elementor-section-height-default elementor-section-height-default\" data-id=\"8a67d3c\" data-element_type=\"section\">\n\t\t\t\t\t\t<div class=\"elementor-container elementor-column-gap-default\">\n\t\t\t\t\t<div class=\"elementor-column elementor-col-50 elementor-top-column elementor-element elementor-element-96068e9\" data-id=\"96068e9\" data-element_type=\"column\">\n\t\t\t<div class=\"elementor-widget-wrap elementor-element-populated\">\n\t\t\t\t\t\t<div class=\"elementor-element elementor-element-4c66307 elementor-widget elementor-widget-text-editor\" data-id=\"4c66307\" data-element_type=\"widget\" data-widget_type=\"text-editor.default\">\n\t\t\t\t<div class=\"elementor-widget-container\">\n\t\t\t\t\t\t\t\t\t<p>Apr\u00e8s la collection \u00ab\u00a0Italian Icons\u00a0\u00bb, Barak\u00e0 et Pininfarina perp\u00e9tuent le style italien en mati\u00e8re de bijoux pour hommes avec <strong>une nouvelle collection de bracelets<\/strong>. Le design de la collection est bas\u00e9 sur les automobiles ainsi que sur les concept cars con\u00e7us par la c\u00e9l\u00e8bre maison de design italienne au fil des ans. Dans chaque d\u00e9tail de la carrosserie, dans l&rsquo;harmonie des lignes, dans le choix des mat\u00e9riaux et dans tous les aspects qui font de ces mod\u00e8les de v\u00e9ritables \u00ab\u00a0r\u00eaves en mouvement\u00a0\u00bb, on peut constater les qualit\u00e9s ind\u00e9niables du design Pininfarina : \u00c9l\u00e9gance, innovation et puret\u00e9.<\/p>\t\t\t\t\t\t\t\t<\/div>\n\t\t\t\t<\/div>\n\t\t\t\t\t<\/div>\n\t\t<\/div>\n\t\t\t\t<div class=\"elementor-column elementor-col-50 elementor-top-column elementor-element elementor-element-5eb295e\" data-id=\"5eb295e\" data-element_type=\"column\">\n\t\t\t<div class=\"elementor-widget-wrap elementor-element-populated\">\n\t\t\t\t\t\t<div class=\"elementor-element elementor-element-9fe5b31 elementor-widget elementor-widget-text-editor\" data-id=\"9fe5b31\" data-element_type=\"widget\" data-widget_type=\"text-editor.default\">\n\t\t\t\t<div class=\"elementor-widget-container\">\n\t\t\t\t\t\t\t\t\t<p>Ce n&rsquo;est pas un hasard si ces m\u00eames valeurs animent \u00e9galement l&rsquo;esprit de Barak\u00e0. Dans l&rsquo;histoire de Barak\u00e0 et de Pininfarina, on peut trouver de nombreuses similitudes qui expliquent leur affinit\u00e9 pour la m\u00eame \u00e9chelle de valeurs.<\/p>\t\t\t\t\t\t\t\t<\/div>\n\t\t\t\t<\/div>\n\t\t\t\t\t<\/div>\n\t\t<\/div>\n\t\t\t\t\t<\/div>\n\t\t<\/section>\n\t\t\t\t<section class=\"elementor-section elementor-top-section elementor-element elementor-element-6c3750e elementor-section-boxed elementor-section-height-default elementor-section-height-default\" data-id=\"6c3750e\" data-element_type=\"section\">\n\t\t\t\t\t\t<div class=\"elementor-container elementor-column-gap-default\">\n\t\t\t\t\t<div class=\"elementor-column elementor-col-100 elementor-top-column elementor-element elementor-element-19eb20d\" data-id=\"19eb20d\" data-element_type=\"column\">\n\t\t\t<div class=\"elementor-widget-wrap elementor-element-populated\">\n\t\t\t\t\t\t<div class=\"elementor-element elementor-element-14f4619 elementor-align-center elementor-widget elementor-widget-button\" data-id=\"14f4619\" data-element_type=\"widget\" data-widget_type=\"button.default\">\n\t\t\t\t<div class=\"elementor-widget-container\">\n\t\t\t\t\t\t\t\t\t<div class=\"elementor-button-wrapper\">\n\t\t\t\t\t<a class=\"elementor-button elementor-button-link elementor-size-sm\" href=\"https:\/\/safijen-baraka.ch\/fr\/categorie-produit\/collections-thematiques\/baraka-by-pininfarina-fr\/\">\n\t\t\t\t\t\t<span class=\"elementor-button-content-wrapper\">\n\t\t\t\t\t\t\t\t\t<span class=\"elementor-button-text\">Achetez maintenant<\/span>\n\t\t\t\t\t<\/span>\n\t\t\t\t\t<\/a>\n\t\t\t\t<\/div>\n\t\t\t\t\t\t\t\t<\/div>\n\t\t\t\t<\/div>\n\t\t\t\t\t<\/div>\n\t\t<\/div>\n\t\t\t\t\t<\/div>\n\t\t<\/section>\n\t\t\t\t<section class=\"elementor-section elementor-top-section elementor-element elementor-element-9058fe2 elementor-section-boxed elementor-section-height-default elementor-section-height-default\" data-id=\"9058fe2\" data-element_type=\"section\">\n\t\t\t\t\t\t<div class=\"elementor-container elementor-column-gap-default\">\n\t\t\t\t\t<div class=\"elementor-column elementor-col-100 elementor-top-column elementor-element elementor-element-90230dd\" data-id=\"90230dd\" data-element_type=\"column\">\n\t\t\t<div class=\"elementor-widget-wrap elementor-element-populated\">\n\t\t\t\t\t\t<div class=\"elementor-element elementor-element-0375700 elementor-widget elementor-widget-image\" data-id=\"0375700\" data-element_type=\"widget\" data-widget_type=\"image.default\">\n\t\t\t\t<div class=\"elementor-widget-container\">\n\t\t\t\t\t\t\t\t\t\t\t\t\t\t\t<img fetchpriority=\"high\" decoding=\"async\" width=\"923\" height=\"333\" src=\"https:\/\/safijen-baraka.ch\/wp-content\/uploads\/2020\/12\/Italienischer-Luxusschmuck-Kollektion-Pininfarina-Baraka.jpg\" class=\"attachment-large size-large wp-image-2319\" alt=\"\" srcset=\"https:\/\/safijen-baraka.ch\/wp-content\/uploads\/2020\/12\/Italienischer-Luxusschmuck-Kollektion-Pininfarina-Baraka.jpg 923w, https:\/\/safijen-baraka.ch\/wp-content\/uploads\/2020\/12\/Italienischer-Luxusschmuck-Kollektion-Pininfarina-Baraka-300x108.jpg 300w, https:\/\/safijen-baraka.ch\/wp-content\/uploads\/2020\/12\/Italienischer-Luxusschmuck-Kollektion-Pininfarina-Baraka-768x277.jpg 768w, https:\/\/safijen-baraka.ch\/wp-content\/uploads\/2020\/12\/Italienischer-Luxusschmuck-Kollektion-Pininfarina-Baraka-600x216.jpg 600w\" sizes=\"(max-width: 923px) 100vw, 923px\" \/>\t\t\t\t\t\t\t\t\t\t\t\t\t\t\t<\/div>\n\t\t\t\t<\/div>\n\t\t\t\t\t<\/div>\n\t\t<\/div>\n\t\t\t\t\t<\/div>\n\t\t<\/section>\n\t\t\t\t<section class=\"elementor-section elementor-top-section elementor-element elementor-element-430c878 elementor-section-boxed elementor-section-height-default elementor-section-height-default\" data-id=\"430c878\" data-element_type=\"section\">\n\t\t\t\t\t\t<div class=\"elementor-container elementor-column-gap-wider\">\n\t\t\t\t\t<div class=\"elementor-column elementor-col-33 elementor-top-column elementor-element elementor-element-fa7934e\" data-id=\"fa7934e\" data-element_type=\"column\">\n\t\t\t<div class=\"elementor-widget-wrap elementor-element-populated\">\n\t\t\t\t\t\t<div class=\"elementor-element elementor-element-cdfee70 elementor-widget elementor-widget-text-editor\" data-id=\"cdfee70\" data-element_type=\"widget\" data-widget_type=\"text-editor.default\">\n\t\t\t\t<div class=\"elementor-widget-container\">\n\t\t\t\t\t\t\t\t\t<h2>ELEGANCE<\/h2><p><strong>L&rsquo;\u00e9l\u00e9gance<\/strong> est la marque de l&rsquo;excellence du \u00ab\u00a0Made in Italy\u00a0\u00bb. Le style italien est connu dans le monde entier gr\u00e2ce \u00e0 ceux qui l&rsquo;ont le mieux repr\u00e9sent\u00e9, \u00e0 savoir Barak\u00e0 et Pininfarina. Leur essence italienne s&rsquo;exprime \u00e0 travers leur recherche constante de l&rsquo;\u00e9l\u00e9gance, qu&rsquo;il ne faut pas confondre avec la superficialit\u00e9. Au contraire, c&rsquo;est une forme de respect envers les autres qui exprime le d\u00e9sir de la beaut\u00e9 comme une qualit\u00e9 \u00e0 partager par tous.<\/p>\t\t\t\t\t\t\t\t<\/div>\n\t\t\t\t<\/div>\n\t\t\t\t\t<\/div>\n\t\t<\/div>\n\t\t\t\t<div class=\"elementor-column elementor-col-33 elementor-top-column elementor-element elementor-element-e3dabab\" data-id=\"e3dabab\" data-element_type=\"column\">\n\t\t\t<div class=\"elementor-widget-wrap elementor-element-populated\">\n\t\t\t\t\t\t<div class=\"elementor-element elementor-element-33a8484 elementor-widget elementor-widget-text-editor\" data-id=\"33a8484\" data-element_type=\"widget\" data-widget_type=\"text-editor.default\">\n\t\t\t\t<div class=\"elementor-widget-container\">\n\t\t\t\t\t\t\t\t\t<h2>INNOVATION<\/h2><p><strong>L&rsquo;innovation<\/strong> m\u00e8ne \u00e0 l&rsquo;optimisation. Pour Barak\u00e0 et Pininfarina, le design est innovant lorsqu&rsquo;il se tourne vers l&rsquo;avenir et introduit de nouvelles fonctionnalit\u00e9s dans la r\u00e9alit\u00e9. L&rsquo;esprit cr\u00e9atif pousse l&rsquo;horizon de la connaissance toujours plus loin. C&rsquo;est la pr\u00e9misse m\u00eame du d\u00e9veloppement.<\/p>\t\t\t\t\t\t\t\t<\/div>\n\t\t\t\t<\/div>\n\t\t\t\t\t<\/div>\n\t\t<\/div>\n\t\t\t\t<div class=\"elementor-column elementor-col-33 elementor-top-column elementor-element elementor-element-fa3277c\" data-id=\"fa3277c\" data-element_type=\"column\">\n\t\t\t<div class=\"elementor-widget-wrap elementor-element-populated\">\n\t\t\t\t\t\t<div class=\"elementor-element elementor-element-40311e0 elementor-widget elementor-widget-text-editor\" data-id=\"40311e0\" data-element_type=\"widget\" data-widget_type=\"text-editor.default\">\n\t\t\t\t<div class=\"elementor-widget-container\">\n\t\t\t\t\t\t\t\t\t<h2>PURET\u00c9<\/h2><p>La puret\u00e9 est comprise comme la simplicit\u00e9 des lignes, des formes et des proportions parfaites. Ce sentiment de puret\u00e9 est le r\u00e9sultat direct de l&rsquo;exp\u00e9rience de l&rsquo;artisanat, qui est la base fondamentale de Barak\u00e0 et de Pininfarina. Un artisan artistique sait que la puret\u00e9 m\u00e8ne \u00e0 l&rsquo;aspect pratique. Toute cr\u00e9ation ne trouve sa justification \u00e0 l&rsquo;existence que si elle est fonctionnelle ; sinon, elle n&rsquo;est qu&rsquo;une coquille vide.<\/p>\t\t\t\t\t\t\t\t<\/div>\n\t\t\t\t<\/div>\n\t\t\t\t\t<\/div>\n\t\t<\/div>\n\t\t\t\t\t<\/div>\n\t\t<\/section>\n\t\t\t\t<section class=\"elementor-section elementor-top-section elementor-element elementor-element-9b9baa1 elementor-section-boxed elementor-section-height-default elementor-section-height-default\" data-id=\"9b9baa1\" data-element_type=\"section\">\n\t\t\t\t\t\t<div class=\"elementor-container elementor-column-gap-default\">\n\t\t\t\t\t<div class=\"elementor-column elementor-col-100 elementor-top-column elementor-element elementor-element-6c54e6b\" data-id=\"6c54e6b\" data-element_type=\"column\">\n\t\t\t<div class=\"elementor-widget-wrap elementor-element-populated\">\n\t\t\t\t\t\t<div class=\"elementor-element elementor-element-ebdce46 elementor-widget elementor-widget-heading\" data-id=\"ebdce46\" data-element_type=\"widget\" data-widget_type=\"heading.default\">\n\t\t\t\t<div class=\"elementor-widget-container\">\n\t\t\t\t\t<h2 class=\"elementor-heading-title elementor-size-default\">L'essence pure du \"Made in Italy\"<\/h2>\t\t\t\t<\/div>\n\t\t\t\t<\/div>\n\t\t\t\t<div class=\"elementor-element elementor-element-0c4ba55 elementor-widget elementor-widget-text-editor\" data-id=\"0c4ba55\" data-element_type=\"widget\" data-widget_type=\"text-editor.default\">\n\t\t\t\t<div class=\"elementor-widget-container\">\n\t\t\t\t\t\t\t\t\t<p>Cette caract\u00e9ristique scelle le lien entre Barak\u00e0 et Pininfarina, qui s&rsquo;exprime \u00e0 travers un bracelet en argent avec un noyau en caoutchouc moul\u00e9, recouvert d&rsquo;une couleur dor\u00e9e et bleu mat, caract\u00e9ristique de Pininfarina.<\/p><p>La maison de design italienne a s\u00e9lectionn\u00e9 ce bijou comme l&rsquo;un des champions d&rsquo;Icon85 : la premi\u00e8re collection lifestyle con\u00e7ue pour c\u00e9l\u00e9brer leur 85e anniversaire. Ce bracelet est \u00e9galement le symbole que le voyage de Barak\u00e0 et Pininfarina continuera d&rsquo;\u00eatre marqu\u00e9 par la passion, l&rsquo;artisanat et le style italien.<\/p>\t\t\t\t\t\t\t\t<\/div>\n\t\t\t\t<\/div>\n\t\t\t\t\t<\/div>\n\t\t<\/div>\n\t\t\t\t\t<\/div>\n\t\t<\/section>\n\t\t\t\t<section class=\"elementor-section elementor-top-section elementor-element elementor-element-43d6013 elementor-section-boxed elementor-section-height-default elementor-section-height-default\" data-id=\"43d6013\" data-element_type=\"section\">\n\t\t\t\t\t\t<div class=\"elementor-container elementor-column-gap-default\">\n\t\t\t\t\t<div class=\"elementor-column elementor-col-100 elementor-top-column elementor-element elementor-element-b719275\" data-id=\"b719275\" data-element_type=\"column\">\n\t\t\t<div class=\"elementor-widget-wrap elementor-element-populated\">\n\t\t\t\t\t\t<div class=\"elementor-element elementor-element-ccc2f05 elementor-widget elementor-widget-heading\" data-id=\"ccc2f05\" data-element_type=\"widget\" data-widget_type=\"heading.default\">\n\t\t\t\t<div class=\"elementor-widget-container\">\n\t\t\t\t\t<h3 class=\"elementor-heading-title elementor-size-default\">D\u00c9COUVRIR LA COLLECTION<\/h3>\t\t\t\t<\/div>\n\t\t\t\t<\/div>\n\t\t\t\t<div class=\"elementor-element elementor-element-e502892 elementor-align-center elementor-widget elementor-widget-button\" data-id=\"e502892\" data-element_type=\"widget\" data-widget_type=\"button.default\">\n\t\t\t\t<div class=\"elementor-widget-container\">\n\t\t\t\t\t\t\t\t\t<div class=\"elementor-button-wrapper\">\n\t\t\t\t\t<a class=\"elementor-button elementor-button-link elementor-size-sm\" href=\"https:\/\/safijen-baraka.ch\/fr\/categorie-produit\/collections-thematiques\/baraka-by-pininfarina-fr\/\">\n\t\t\t\t\t\t<span class=\"elementor-button-content-wrapper\">\n\t\t\t\t\t\t\t\t\t<span class=\"elementor-button-text\">Achetez maintenant<\/span>\n\t\t\t\t\t<\/span>\n\t\t\t\t\t<\/a>\n\t\t\t\t<\/div>\n\t\t\t\t\t\t\t\t<\/div>\n\t\t\t\t<\/div>\n\t\t\t\t\t<\/div>\n\t\t<\/div>\n\t\t\t\t\t<\/div>\n\t\t<\/section>\n\t\t\t\t<\/div>\n\t\t","protected":false},"excerpt":{"rendered":"<p>BARAK\u00c0 BIJOUX POUR HOMME DE LUXE Barak\u00e0 by Pininfarina Deux grandes marques \u00ab\u00a0Made in Italy\u00a0\u00bb dans une seule collection Apr\u00e8s la collection \u00ab\u00a0Italian Icons\u00a0\u00bb, Barak\u00e0 et Pininfarina perp\u00e9tuent le style italien en mati\u00e8re de bijoux pour hommes avec une nouvelle collection de bracelets. Le design de la collection est bas\u00e9 sur les automobiles ainsi que [&hellip;]<\/p>\n","protected":false},"author":1,"featured_media":2310,"parent":2300,"menu_order":2,"comment_status":"closed","ping_status":"closed","template":"","meta":{"ocean_post_layout":"","ocean_both_sidebars_style":"","ocean_both_sidebars_content_width":0,"ocean_both_sidebars_sidebars_width":0,"ocean_sidebar":"0","ocean_second_sidebar":"0","ocean_disable_margins":"enable","ocean_add_body_class":"","ocean_shortcode_before_top_bar":"","ocean_shortcode_after_top_bar":"","ocean_shortcode_before_header":"","ocean_shortcode_after_header":"","ocean_has_shortcode":"","ocean_shortcode_after_title":"","ocean_shortcode_before_footer_widgets":"","ocean_shortcode_after_footer_widgets":"","ocean_shortcode_before_footer_bottom":"","ocean_shortcode_after_footer_bottom":"","ocean_display_top_bar":"default","ocean_display_header":"default","ocean_header_style":"","ocean_center_header_left_menu":"0","ocean_custom_header_template":"0","ocean_custom_logo":0,"ocean_custom_retina_logo":0,"ocean_custom_logo_max_width":0,"ocean_custom_logo_tablet_max_width":0,"ocean_custom_logo_mobile_max_width":0,"ocean_custom_logo_max_height":0,"ocean_custom_logo_tablet_max_height":0,"ocean_custom_logo_mobile_max_height":0,"ocean_header_custom_menu":"0","ocean_menu_typo_font_family":"0","ocean_menu_typo_font_subset":"","ocean_menu_typo_font_size":0,"ocean_menu_typo_font_size_tablet":0,"ocean_menu_typo_font_size_mobile":0,"ocean_menu_typo_font_size_unit":"px","ocean_menu_typo_font_weight":"","ocean_menu_typo_font_weight_tablet":"","ocean_menu_typo_font_weight_mobile":"","ocean_menu_typo_transform":"","ocean_menu_typo_transform_tablet":"","ocean_menu_typo_transform_mobile":"","ocean_menu_typo_line_height":0,"ocean_menu_typo_line_height_tablet":0,"ocean_menu_typo_line_height_mobile":0,"ocean_menu_typo_line_height_unit":"","ocean_menu_typo_spacing":0,"ocean_menu_typo_spacing_tablet":0,"ocean_menu_typo_spacing_mobile":0,"ocean_menu_typo_spacing_unit":"","ocean_menu_link_color":"","ocean_menu_link_color_hover":"","ocean_menu_link_color_active":"","ocean_menu_link_background":"","ocean_menu_link_hover_background":"","ocean_menu_link_active_background":"","ocean_menu_social_links_bg":"","ocean_menu_social_hover_links_bg":"","ocean_menu_social_links_color":"","ocean_menu_social_hover_links_color":"","ocean_disable_title":"default","ocean_disable_heading":"default","ocean_post_title":"","ocean_post_subheading":"","ocean_post_title_style":"","ocean_post_title_background_color":"","ocean_post_title_background":0,"ocean_post_title_bg_image_position":"","ocean_post_title_bg_image_attachment":"","ocean_post_title_bg_image_repeat":"","ocean_post_title_bg_image_size":"","ocean_post_title_height":0,"ocean_post_title_bg_overlay":0.5,"ocean_post_title_bg_overlay_color":"","ocean_disable_breadcrumbs":"default","ocean_breadcrumbs_color":"","ocean_breadcrumbs_separator_color":"","ocean_breadcrumbs_links_color":"","ocean_breadcrumbs_links_hover_color":"","ocean_display_footer_widgets":"default","ocean_display_footer_bottom":"default","ocean_custom_footer_template":"0","footnotes":""},"class_list":["post-2309","page","type-page","status-publish","has-post-thumbnail","hentry","entry","has-media","owp-thumbs-layout-horizontal","owp-btn-normal","owp-tabs-layout-horizontal","has-no-thumbnails","has-product-nav","circle-sale"],"_links":{"self":[{"href":"https:\/\/safijen-baraka.ch\/fr\/wp-json\/wp\/v2\/pages\/2309","targetHints":{"allow":["GET"]}}],"collection":[{"href":"https:\/\/safijen-baraka.ch\/fr\/wp-json\/wp\/v2\/pages"}],"about":[{"href":"https:\/\/safijen-baraka.ch\/fr\/wp-json\/wp\/v2\/types\/page"}],"author":[{"embeddable":true,"href":"https:\/\/safijen-baraka.ch\/fr\/wp-json\/wp\/v2\/users\/1"}],"replies":[{"embeddable":true,"href":"https:\/\/safijen-baraka.ch\/fr\/wp-json\/wp\/v2\/comments?post=2309"}],"version-history":[{"count":0,"href":"https:\/\/safijen-baraka.ch\/fr\/wp-json\/wp\/v2\/pages\/2309\/revisions"}],"up":[{"embeddable":true,"href":"https:\/\/safijen-baraka.ch\/fr\/wp-json\/wp\/v2\/pages\/2300"}],"wp:featuredmedia":[{"embeddable":true,"href":"https:\/\/safijen-baraka.ch\/fr\/wp-json\/wp\/v2\/media\/2310"}],"wp:attachment":[{"href":"https:\/\/safijen-baraka.ch\/fr\/wp-json\/wp\/v2\/media?parent=2309"}],"curies":[{"name":"wp","href":"https:\/\/api.w.org\/{rel}","templated":true}]}}