{"id":1601,"date":"2020-12-17T12:47:02","date_gmt":"2020-12-17T12:47:02","guid":{"rendered":"https:\/\/safijen-baraka.ch\/?page_id=1601"},"modified":"2021-09-16T15:25:45","modified_gmt":"2021-09-16T15:25:45","slug":"collezione-baraka-by-pininfarina","status":"publish","type":"page","link":"https:\/\/safijen-baraka.ch\/it\/collezioni-tematiche\/collezione-baraka-by-pininfarina\/","title":{"rendered":"Collezione Barak\u00e0 by Pininfarina"},"content":{"rendered":"\t\t<div data-elementor-type=\"wp-page\" data-elementor-id=\"1601\" class=\"elementor elementor-1601 elementor-657\">\n\t\t\t\t\t\t<section class=\"elementor-section elementor-top-section elementor-element elementor-element-dd56663 elementor-section-boxed elementor-section-height-default elementor-section-height-default\" data-id=\"dd56663\" data-element_type=\"section\">\n\t\t\t\t\t\t<div class=\"elementor-container elementor-column-gap-default\">\n\t\t\t\t\t<div class=\"elementor-column elementor-col-100 elementor-top-column elementor-element elementor-element-a7bd155\" data-id=\"a7bd155\" data-element_type=\"column\">\n\t\t\t<div class=\"elementor-widget-wrap elementor-element-populated\">\n\t\t\t\t\t\t<div class=\"elementor-element elementor-element-0b32832 elementor-widget elementor-widget-heading\" data-id=\"0b32832\" data-element_type=\"widget\" data-widget_type=\"heading.default\">\n\t\t\t\t<div class=\"elementor-widget-container\">\n\t\t\t\t\t<h2 class=\"elementor-heading-title elementor-size-default\">BARAK\u00c0 GIOIELLI DI LUSSO DA UOMO<\/h2>\t\t\t\t<\/div>\n\t\t\t\t<\/div>\n\t\t\t\t<div class=\"elementor-element elementor-element-fa66b3c elementor-invisible elementor-widget elementor-widget-heading\" data-id=\"fa66b3c\" data-element_type=\"widget\" data-settings=\"{&quot;_animation&quot;:&quot;fadeInUp&quot;}\" data-widget_type=\"heading.default\">\n\t\t\t\t<div class=\"elementor-widget-container\">\n\t\t\t\t\t<h2 class=\"elementor-heading-title elementor-size-default\">Barak\u00e0 by Pininfarina<\/h2>\t\t\t\t<\/div>\n\t\t\t\t<\/div>\n\t\t\t\t\t<\/div>\n\t\t<\/div>\n\t\t\t\t\t<\/div>\n\t\t<\/section>\n\t\t\t\t<section class=\"elementor-section elementor-top-section elementor-element elementor-element-eda6c22 elementor-section-boxed elementor-section-height-default elementor-section-height-default\" data-id=\"eda6c22\" data-element_type=\"section\">\n\t\t\t\t\t\t<div class=\"elementor-container elementor-column-gap-default\">\n\t\t\t\t\t<div class=\"elementor-column elementor-col-100 elementor-top-column elementor-element elementor-element-cb59756\" data-id=\"cb59756\" data-element_type=\"column\">\n\t\t\t<div class=\"elementor-widget-wrap elementor-element-populated\">\n\t\t\t\t\t\t<div class=\"elementor-element elementor-element-2e1a3dc elementor-widget elementor-widget-heading\" data-id=\"2e1a3dc\" data-element_type=\"widget\" data-widget_type=\"heading.default\">\n\t\t\t\t<div class=\"elementor-widget-container\">\n\t\t\t\t\t<h1 class=\"elementor-heading-title elementor-size-default\">Due marchi leader del \"Made in Italy\" in un'unica collezione.<\/h1>\t\t\t\t<\/div>\n\t\t\t\t<\/div>\n\t\t\t\t\t<\/div>\n\t\t<\/div>\n\t\t\t\t\t<\/div>\n\t\t<\/section>\n\t\t\t\t<section class=\"elementor-section elementor-top-section elementor-element elementor-element-8a67d3c elementor-section-boxed elementor-section-height-default elementor-section-height-default\" data-id=\"8a67d3c\" data-element_type=\"section\">\n\t\t\t\t\t\t<div class=\"elementor-container elementor-column-gap-default\">\n\t\t\t\t\t<div class=\"elementor-column elementor-col-50 elementor-top-column elementor-element elementor-element-96068e9\" data-id=\"96068e9\" data-element_type=\"column\">\n\t\t\t<div class=\"elementor-widget-wrap elementor-element-populated\">\n\t\t\t\t\t\t<div class=\"elementor-element elementor-element-4c66307 elementor-widget elementor-widget-text-editor\" data-id=\"4c66307\" data-element_type=\"widget\" data-widget_type=\"text-editor.default\">\n\t\t\t\t<div class=\"elementor-widget-container\">\n\t\t\t\t\t\t\t\t\t<p>Barak\u00e0 e Pininfarina celebrano lo stile italiano nell&#8217;alta gioielleria maschile con una nuova collezione di bracciali. La collezione si basa sulle automobili e sulle concept car progettate nel corso degli anni dalla famosa casa di design italiana. In ogni dettaglio della carrozzeria; nelle linee armoniose, nella scelta dei materiali e in tutti gli aspetti che rendono questi modelli veri e propri &#8220;sogni in movimento&#8221;, sono evidenti le qualit\u00e0 inconfondibili del design Pininfarina: Eleganza, innovazione e purezza.<\/p>\t\t\t\t\t\t\t\t<\/div>\n\t\t\t\t<\/div>\n\t\t\t\t\t<\/div>\n\t\t<\/div>\n\t\t\t\t<div class=\"elementor-column elementor-col-50 elementor-top-column elementor-element elementor-element-5eb295e\" data-id=\"5eb295e\" data-element_type=\"column\">\n\t\t\t<div class=\"elementor-widget-wrap elementor-element-populated\">\n\t\t\t\t\t\t<div class=\"elementor-element elementor-element-9fe5b31 elementor-widget elementor-widget-text-editor\" data-id=\"9fe5b31\" data-element_type=\"widget\" data-widget_type=\"text-editor.default\">\n\t\t\t\t<div class=\"elementor-widget-container\">\n\t\t\t\t\t\t\t\t\t<p>Non \u00e8 un caso che questi stessi valori animino anche lo spirito di Barak\u00e0. Nella storia di Barak\u00e0 e Pininfarina si possono trovare numerose somiglianze che spiegano la loro affinit\u00e0 con lo stesso modello di valore.<\/p>\t\t\t\t\t\t\t\t<\/div>\n\t\t\t\t<\/div>\n\t\t\t\t\t<\/div>\n\t\t<\/div>\n\t\t\t\t\t<\/div>\n\t\t<\/section>\n\t\t\t\t<section class=\"elementor-section elementor-top-section elementor-element elementor-element-6c3750e elementor-section-boxed elementor-section-height-default elementor-section-height-default\" data-id=\"6c3750e\" data-element_type=\"section\">\n\t\t\t\t\t\t<div class=\"elementor-container elementor-column-gap-default\">\n\t\t\t\t\t<div class=\"elementor-column elementor-col-100 elementor-top-column elementor-element elementor-element-19eb20d\" data-id=\"19eb20d\" data-element_type=\"column\">\n\t\t\t<div class=\"elementor-widget-wrap elementor-element-populated\">\n\t\t\t\t\t\t<div class=\"elementor-element elementor-element-bf06c59 elementor-align-center elementor-widget elementor-widget-button\" data-id=\"bf06c59\" data-element_type=\"widget\" data-widget_type=\"button.default\">\n\t\t\t\t<div class=\"elementor-widget-container\">\n\t\t\t\t\t\t\t\t\t<div class=\"elementor-button-wrapper\">\n\t\t\t\t\t<a class=\"elementor-button elementor-button-link elementor-size-sm\" href=\"https:\/\/safijen-baraka.ch\/it\/categoria-prodotto\/tematica\/baraka-by-pininfarina-it\/\">\n\t\t\t\t\t\t<span class=\"elementor-button-content-wrapper\">\n\t\t\t\t\t\t\t\t\t<span class=\"elementor-button-text\">Acquista ora<\/span>\n\t\t\t\t\t<\/span>\n\t\t\t\t\t<\/a>\n\t\t\t\t<\/div>\n\t\t\t\t\t\t\t\t<\/div>\n\t\t\t\t<\/div>\n\t\t\t\t\t<\/div>\n\t\t<\/div>\n\t\t\t\t\t<\/div>\n\t\t<\/section>\n\t\t\t\t<section class=\"elementor-section elementor-top-section elementor-element elementor-element-9058fe2 elementor-section-boxed elementor-section-height-default elementor-section-height-default\" data-id=\"9058fe2\" data-element_type=\"section\">\n\t\t\t\t\t\t<div class=\"elementor-container elementor-column-gap-default\">\n\t\t\t\t\t<div class=\"elementor-column elementor-col-100 elementor-top-column elementor-element elementor-element-90230dd\" data-id=\"90230dd\" data-element_type=\"column\">\n\t\t\t<div class=\"elementor-widget-wrap elementor-element-populated\">\n\t\t\t\t\t\t<div class=\"elementor-element elementor-element-0375700 elementor-widget elementor-widget-image\" data-id=\"0375700\" data-element_type=\"widget\" data-widget_type=\"image.default\">\n\t\t\t\t<div class=\"elementor-widget-container\">\n\t\t\t\t\t\t\t\t\t\t\t\t\t\t\t<img fetchpriority=\"high\" decoding=\"async\" width=\"923\" height=\"333\" src=\"https:\/\/safijen-baraka.ch\/wp-content\/uploads\/2020\/12\/Italienischer-Luxusschmuck-Kollektion-Pininfarina-Baraka.jpg\" class=\"attachment-large size-large wp-image-1370\" alt=\"\" srcset=\"https:\/\/safijen-baraka.ch\/wp-content\/uploads\/2020\/12\/Italienischer-Luxusschmuck-Kollektion-Pininfarina-Baraka.jpg 923w, https:\/\/safijen-baraka.ch\/wp-content\/uploads\/2020\/12\/Italienischer-Luxusschmuck-Kollektion-Pininfarina-Baraka-300x108.jpg 300w, https:\/\/safijen-baraka.ch\/wp-content\/uploads\/2020\/12\/Italienischer-Luxusschmuck-Kollektion-Pininfarina-Baraka-768x277.jpg 768w, https:\/\/safijen-baraka.ch\/wp-content\/uploads\/2020\/12\/Italienischer-Luxusschmuck-Kollektion-Pininfarina-Baraka-600x216.jpg 600w\" sizes=\"(max-width: 923px) 100vw, 923px\" \/>\t\t\t\t\t\t\t\t\t\t\t\t\t\t\t<\/div>\n\t\t\t\t<\/div>\n\t\t\t\t\t<\/div>\n\t\t<\/div>\n\t\t\t\t\t<\/div>\n\t\t<\/section>\n\t\t\t\t<section class=\"elementor-section elementor-top-section elementor-element elementor-element-430c878 elementor-section-boxed elementor-section-height-default elementor-section-height-default\" data-id=\"430c878\" data-element_type=\"section\">\n\t\t\t\t\t\t<div class=\"elementor-container elementor-column-gap-wider\">\n\t\t\t\t\t<div class=\"elementor-column elementor-col-33 elementor-top-column elementor-element elementor-element-fa7934e\" data-id=\"fa7934e\" data-element_type=\"column\">\n\t\t\t<div class=\"elementor-widget-wrap elementor-element-populated\">\n\t\t\t\t\t\t<div class=\"elementor-element elementor-element-cdfee70 elementor-widget elementor-widget-text-editor\" data-id=\"cdfee70\" data-element_type=\"widget\" data-widget_type=\"text-editor.default\">\n\t\t\t\t<div class=\"elementor-widget-container\">\n\t\t\t\t\t\t\t\t\t<h2>ELEGANZA<\/h2><p>L&#8217;<strong>eleganza<\/strong> \u00e8 il segno distintivo dell&#8217;eccellenza del &#8220;Made in Italy&#8221;. Lo stile italiano \u00e8 conosciuto in tutto il mondo grazie a chi lo ha rappresentato al meglio, ovvero Barak\u00e0 e Pininfarina. La loro essenza italiana si esprime attraverso la costante ricerca dell&#8217;eleganza, che non va confusa con la superficialit\u00e0. Al contrario, \u00e8 una forma di rispetto verso gli altri che esprime il desiderio di bellezza come qualit\u00e0 condivisa da tutti.<\/p>\t\t\t\t\t\t\t\t<\/div>\n\t\t\t\t<\/div>\n\t\t\t\t\t<\/div>\n\t\t<\/div>\n\t\t\t\t<div class=\"elementor-column elementor-col-33 elementor-top-column elementor-element elementor-element-e3dabab\" data-id=\"e3dabab\" data-element_type=\"column\">\n\t\t\t<div class=\"elementor-widget-wrap elementor-element-populated\">\n\t\t\t\t\t\t<div class=\"elementor-element elementor-element-33a8484 elementor-widget elementor-widget-text-editor\" data-id=\"33a8484\" data-element_type=\"widget\" data-widget_type=\"text-editor.default\">\n\t\t\t\t<div class=\"elementor-widget-container\">\n\t\t\t\t\t\t\t\t\t<h2>INNOVAZIONE<\/h2><p>L&#8217;innovazione porta all&#8217;ottimizzazione. Per Barak\u00e0 e Pininfarina il design \u00e8 innovativo quando guarda al futuro e introduce novit\u00e0 nella realt\u00e0. Lo spirito creativo spinge l&#8217;orizzonte della conoscenza sempre pi\u00f9 lontano. \u00c8 la premessa stessa dello sviluppo.<\/p>\t\t\t\t\t\t\t\t<\/div>\n\t\t\t\t<\/div>\n\t\t\t\t\t<\/div>\n\t\t<\/div>\n\t\t\t\t<div class=\"elementor-column elementor-col-33 elementor-top-column elementor-element elementor-element-fa3277c\" data-id=\"fa3277c\" data-element_type=\"column\">\n\t\t\t<div class=\"elementor-widget-wrap elementor-element-populated\">\n\t\t\t\t\t\t<div class=\"elementor-element elementor-element-40311e0 elementor-widget elementor-widget-text-editor\" data-id=\"40311e0\" data-element_type=\"widget\" data-widget_type=\"text-editor.default\">\n\t\t\t\t<div class=\"elementor-widget-container\">\n\t\t\t\t\t\t\t\t\t<h2>PUREZZA<\/h2><p>La purezza \u00e8 intesa come la semplicit\u00e0 di linee, forme e proporzioni perfette. Questa sensazione di purezza \u00e8 il risultato diretto dell&#8217;esperienza artigianale, che \u00e8 la base fondante sia di Barak\u00e0 che di Pininfarina. Un artigiano artistico sa che la purezza porta alla praticit\u00e0. Qualsiasi creazione trova la sua giustificazione di esistenza solo se \u00e8 funzionale, altrimenti non \u00e8 altro che un guscio vuoto.<\/p>\t\t\t\t\t\t\t\t<\/div>\n\t\t\t\t<\/div>\n\t\t\t\t\t<\/div>\n\t\t<\/div>\n\t\t\t\t\t<\/div>\n\t\t<\/section>\n\t\t\t\t<section class=\"elementor-section elementor-top-section elementor-element elementor-element-9b9baa1 elementor-section-boxed elementor-section-height-default elementor-section-height-default\" data-id=\"9b9baa1\" data-element_type=\"section\">\n\t\t\t\t\t\t<div class=\"elementor-container elementor-column-gap-default\">\n\t\t\t\t\t<div class=\"elementor-column elementor-col-100 elementor-top-column elementor-element elementor-element-6c54e6b\" data-id=\"6c54e6b\" data-element_type=\"column\">\n\t\t\t<div class=\"elementor-widget-wrap elementor-element-populated\">\n\t\t\t\t\t\t<div class=\"elementor-element elementor-element-ebdce46 elementor-widget elementor-widget-heading\" data-id=\"ebdce46\" data-element_type=\"widget\" data-widget_type=\"heading.default\">\n\t\t\t\t<div class=\"elementor-widget-container\">\n\t\t\t\t\t<h2 class=\"elementor-heading-title elementor-size-default\">L'essenza pura del \"Made in Italy<\/h2>\t\t\t\t<\/div>\n\t\t\t\t<\/div>\n\t\t\t\t<div class=\"elementor-element elementor-element-0c4ba55 elementor-widget elementor-widget-text-editor\" data-id=\"0c4ba55\" data-element_type=\"widget\" data-widget_type=\"text-editor.default\">\n\t\t\t\t<div class=\"elementor-widget-container\">\n\t\t\t\t\t\t\t\t\t<p>Questa caratteristica suggella il legame tra Barak\u00e0 e Pininfarina, che si esprime attraverso un bracciale d&#8217;argento con un&#8217;anima di gomma stampata, rivestita in un colore oro e blu opaco, caratteristico di Pininfarina.<br \/>La casa di design italiana ha scelto questo gioiello come uno dei campioni di Icon85: la prima collezione lifestyle progettata per celebrare il loro 85\u00b0 anniversario. Questo braccialetto \u00e8 anche il simbolo che il cammino intrapreso da Barak\u00e0 e Pininfarina continuer\u00e0 ad essere segnato da passione, artigianato e stile italiano.<\/p>\t\t\t\t\t\t\t\t<\/div>\n\t\t\t\t<\/div>\n\t\t\t\t\t<\/div>\n\t\t<\/div>\n\t\t\t\t\t<\/div>\n\t\t<\/section>\n\t\t\t\t<section class=\"elementor-section elementor-top-section elementor-element elementor-element-43d6013 elementor-section-boxed elementor-section-height-default elementor-section-height-default\" data-id=\"43d6013\" data-element_type=\"section\">\n\t\t\t\t\t\t<div class=\"elementor-container elementor-column-gap-default\">\n\t\t\t\t\t<div class=\"elementor-column elementor-col-100 elementor-top-column elementor-element elementor-element-b719275\" data-id=\"b719275\" data-element_type=\"column\">\n\t\t\t<div class=\"elementor-widget-wrap elementor-element-populated\">\n\t\t\t\t\t\t<div class=\"elementor-element elementor-element-ccc2f05 elementor-widget elementor-widget-heading\" data-id=\"ccc2f05\" data-element_type=\"widget\" data-widget_type=\"heading.default\">\n\t\t\t\t<div class=\"elementor-widget-container\">\n\t\t\t\t\t<h3 class=\"elementor-heading-title elementor-size-default\">SCOPRI LA COLLEZIONE<\/h3>\t\t\t\t<\/div>\n\t\t\t\t<\/div>\n\t\t\t\t<div class=\"elementor-element elementor-element-7decb0c elementor-align-center elementor-widget elementor-widget-button\" data-id=\"7decb0c\" data-element_type=\"widget\" data-widget_type=\"button.default\">\n\t\t\t\t<div class=\"elementor-widget-container\">\n\t\t\t\t\t\t\t\t\t<div class=\"elementor-button-wrapper\">\n\t\t\t\t\t<a class=\"elementor-button elementor-button-link elementor-size-sm\" href=\"https:\/\/safijen-baraka.ch\/it\/categoria-prodotto\/tematica\/baraka-by-pininfarina-it\/\">\n\t\t\t\t\t\t<span class=\"elementor-button-content-wrapper\">\n\t\t\t\t\t\t\t\t\t<span class=\"elementor-button-text\">Acquista ora<\/span>\n\t\t\t\t\t<\/span>\n\t\t\t\t\t<\/a>\n\t\t\t\t<\/div>\n\t\t\t\t\t\t\t\t<\/div>\n\t\t\t\t<\/div>\n\t\t\t\t\t<\/div>\n\t\t<\/div>\n\t\t\t\t\t<\/div>\n\t\t<\/section>\n\t\t\t\t<\/div>\n\t\t","protected":false},"excerpt":{"rendered":"<p>BARAK\u00c0 GIOIELLI DI LUSSO DA UOMO Barak\u00e0 by Pininfarina Due marchi leader del &#8220;Made in Italy&#8221; in un&#8217;unica collezione. Barak\u00e0 e Pininfarina celebrano lo stile italiano nell&#8217;alta gioielleria maschile con una nuova collezione di bracciali. La collezione si basa sulle automobili e sulle concept car progettate nel corso degli anni dalla famosa casa di design [&hellip;]<\/p>\n","protected":false},"author":1,"featured_media":1361,"parent":1385,"menu_order":2,"comment_status":"closed","ping_status":"closed","template":"","meta":{"ocean_post_layout":"","ocean_both_sidebars_style":"","ocean_both_sidebars_content_width":0,"ocean_both_sidebars_sidebars_width":0,"ocean_sidebar":"0","ocean_second_sidebar":"0","ocean_disable_margins":"enable","ocean_add_body_class":"","ocean_shortcode_before_top_bar":"","ocean_shortcode_after_top_bar":"","ocean_shortcode_before_header":"","ocean_shortcode_after_header":"","ocean_has_shortcode":"","ocean_shortcode_after_title":"","ocean_shortcode_before_footer_widgets":"","ocean_shortcode_after_footer_widgets":"","ocean_shortcode_before_footer_bottom":"","ocean_shortcode_after_footer_bottom":"","ocean_display_top_bar":"default","ocean_display_header":"default","ocean_header_style":"","ocean_center_header_left_menu":"0","ocean_custom_header_template":"0","ocean_custom_logo":0,"ocean_custom_retina_logo":0,"ocean_custom_logo_max_width":0,"ocean_custom_logo_tablet_max_width":0,"ocean_custom_logo_mobile_max_width":0,"ocean_custom_logo_max_height":0,"ocean_custom_logo_tablet_max_height":0,"ocean_custom_logo_mobile_max_height":0,"ocean_header_custom_menu":"0","ocean_menu_typo_font_family":"0","ocean_menu_typo_font_subset":"","ocean_menu_typo_font_size":0,"ocean_menu_typo_font_size_tablet":0,"ocean_menu_typo_font_size_mobile":0,"ocean_menu_typo_font_size_unit":"px","ocean_menu_typo_font_weight":"","ocean_menu_typo_font_weight_tablet":"","ocean_menu_typo_font_weight_mobile":"","ocean_menu_typo_transform":"","ocean_menu_typo_transform_tablet":"","ocean_menu_typo_transform_mobile":"","ocean_menu_typo_line_height":0,"ocean_menu_typo_line_height_tablet":0,"ocean_menu_typo_line_height_mobile":0,"ocean_menu_typo_line_height_unit":"","ocean_menu_typo_spacing":0,"ocean_menu_typo_spacing_tablet":0,"ocean_menu_typo_spacing_mobile":0,"ocean_menu_typo_spacing_unit":"","ocean_menu_link_color":"","ocean_menu_link_color_hover":"","ocean_menu_link_color_active":"","ocean_menu_link_background":"","ocean_menu_link_hover_background":"","ocean_menu_link_active_background":"","ocean_menu_social_links_bg":"","ocean_menu_social_hover_links_bg":"","ocean_menu_social_links_color":"","ocean_menu_social_hover_links_color":"","ocean_disable_title":"default","ocean_disable_heading":"default","ocean_post_title":"","ocean_post_subheading":"","ocean_post_title_style":"","ocean_post_title_background_color":"","ocean_post_title_background":0,"ocean_post_title_bg_image_position":"","ocean_post_title_bg_image_attachment":"","ocean_post_title_bg_image_repeat":"","ocean_post_title_bg_image_size":"","ocean_post_title_height":0,"ocean_post_title_bg_overlay":0.5,"ocean_post_title_bg_overlay_color":"","ocean_disable_breadcrumbs":"default","ocean_breadcrumbs_color":"","ocean_breadcrumbs_separator_color":"","ocean_breadcrumbs_links_color":"","ocean_breadcrumbs_links_hover_color":"","ocean_display_footer_widgets":"default","ocean_display_footer_bottom":"default","ocean_custom_footer_template":"0","footnotes":""},"class_list":["post-1601","page","type-page","status-publish","has-post-thumbnail","hentry","entry","has-media","owp-thumbs-layout-horizontal","owp-btn-normal","owp-tabs-layout-horizontal","has-no-thumbnails","has-product-nav","circle-sale"],"_links":{"self":[{"href":"https:\/\/safijen-baraka.ch\/it\/wp-json\/wp\/v2\/pages\/1601","targetHints":{"allow":["GET"]}}],"collection":[{"href":"https:\/\/safijen-baraka.ch\/it\/wp-json\/wp\/v2\/pages"}],"about":[{"href":"https:\/\/safijen-baraka.ch\/it\/wp-json\/wp\/v2\/types\/page"}],"author":[{"embeddable":true,"href":"https:\/\/safijen-baraka.ch\/it\/wp-json\/wp\/v2\/users\/1"}],"replies":[{"embeddable":true,"href":"https:\/\/safijen-baraka.ch\/it\/wp-json\/wp\/v2\/comments?post=1601"}],"version-history":[{"count":0,"href":"https:\/\/safijen-baraka.ch\/it\/wp-json\/wp\/v2\/pages\/1601\/revisions"}],"up":[{"embeddable":true,"href":"https:\/\/safijen-baraka.ch\/it\/wp-json\/wp\/v2\/pages\/1385"}],"wp:featuredmedia":[{"embeddable":true,"href":"https:\/\/safijen-baraka.ch\/it\/wp-json\/wp\/v2\/media\/1361"}],"wp:attachment":[{"href":"https:\/\/safijen-baraka.ch\/it\/wp-json\/wp\/v2\/media?parent=1601"}],"curies":[{"name":"wp","href":"https:\/\/api.w.org\/{rel}","templated":true}]}}